{"id":39,"date":"2017-12-21T07:26:10","date_gmt":"2017-12-21T07:26:10","guid":{"rendered":"https:\/\/banos-bar.com\/?page_id=39"},"modified":"2025-03-27T13:07:22","modified_gmt":"2025-03-27T11:07:22","slug":"banos-bar-eventservice","status":"publish","type":"page","link":"https:\/\/banos-bar.com\/","title":{"rendered":"Ba\u00f1os-Bar Eventservice Inh. Markus Ingold"},"content":{"rendered":"Unser Kerngebiet ist Ihre kleine bis mittelgrosse Veranstaltung zu der wir kosteng\u00fcnstig unseren Beitrag leisten k\u00f6nnen. Finden Sie unter unseren aufgef\u00fchrten Mietgegenst\u00e4nde nicht das passende? Auf Anfrage sind diverse weitere Mietartikel verf\u00fcgbar.\r\n\r\n<!-- \/wp:post-content -->","protected":false},"excerpt":{"rendered":"<p>Unser Kerngebiet ist Ihre kleine bis mittelgrosse Veranstaltung zu der wir kosteng\u00fcnstig unseren Beitrag leisten k\u00f6nnen. Finden Sie unter unseren aufgef\u00fchrten Mietgegenst\u00e4nde nicht das passende? Auf Anfrage sind diverse weitere [&hellip;]<\/p>\n","protected":false},"author":2,"featured_media":0,"parent":0,"menu_order":0,"comment_status":"closed","ping_status":"closed","template":"","meta":{"ngg_post_thumbnail":0,"footnotes":""},"class_list":["post-39","page","type-page","status-publish","hentry"],"_links":{"self":[{"href":"https:\/\/banos-bar.com\/index.php?rest_route=\/wp\/v2\/pages\/39","targetHints":{"allow":["GET"]}}],"collection":[{"href":"https:\/\/banos-bar.com\/index.php?rest_route=\/wp\/v2\/pages"}],"about":[{"href":"https:\/\/banos-bar.com\/index.php?rest_route=\/wp\/v2\/types\/page"}],"author":[{"embeddable":true,"href":"https:\/\/banos-bar.com\/index.php?rest_route=\/wp\/v2\/users\/2"}],"replies":[{"embeddable":true,"href":"https:\/\/banos-bar.com\/index.php?rest_route=%2Fwp%2Fv2%2Fcomments&post=39"}],"version-history":[{"count":11,"href":"https:\/\/banos-bar.com\/index.php?rest_route=\/wp\/v2\/pages\/39\/revisions"}],"predecessor-version":[{"id":870,"href":"https:\/\/banos-bar.com\/index.php?rest_route=\/wp\/v2\/pages\/39\/revisions\/870"}],"wp:attachment":[{"href":"https:\/\/banos-bar.com\/index.php?rest_route=%2Fwp%2Fv2%2Fmedia&parent=39"}],"curies":[{"name":"wp","href":"https:\/\/api.w.org\/{rel}","templated":true}]}}