{"id":853,"date":"2024-05-15T10:54:39","date_gmt":"2024-05-15T08:54:39","guid":{"rendered":"https:\/\/banos-bar.com\/?page_id=853"},"modified":"2024-05-15T10:56:53","modified_gmt":"2024-05-15T08:56:53","slug":"dienstleistungen","status":"publish","type":"page","link":"https:\/\/banos-bar.com\/?page_id=853","title":{"rendered":"Dienstleistungen"},"content":{"rendered":"<h2>Planung und Betreuung von Veranstaltungen<\/h2>\n<p>Unser Mitarbeiter verf\u00fcgt \u00fcber eine grosse Erfahrung in der Planung, Gestaltung und Betreuung von Veranstaltungen in diversen Bereichen. Sei dies die kleine Privatfeier \u00fcber das Dorffest bis zur Teilprojektleitung an Grossevents.<\/p>\n<h2>Programmierung von Lichtsteuerungen und Lichtshows<\/h2>\n<p>Unser Mitarbeiter hat eine grosse Erfahrung in der Programmierung von DMX-Lichtsteuerungen und der Erstellung und Durchf\u00fchrung von Lichtshows. Ebenfalls verf\u00fcgt er \u00fcber ein grosses Know-how in der Lichtgestaltung. Gerne unterbreiten wir Ihnen ein Angebot f\u00fcr die individuelle Beleuchtung Ihres Anlasses.<\/p>\n<h2>Lasershows<\/h2>\n<p>Unser Mitarbeiter verf\u00fcgt \u00fcber die Sachkundebest\u00e4tigung f\u00fcr Veranstaltungen mit Laserstrahlung nach V-NISSG und ist damit berechtigt Laershows ohne Strahlung im Publikumsbereich zu planen, zu melden, einzurichten und durchzuf\u00fchren.<br \/>\nEbenfalls ist er berechtigt Veranstaltungen mit Laserstrahlung im Publikumsbereich zu betreuen sofern die Lasershow durch eine Person mit Sachkundenachweis geplant, gemeldet, eingerichtet, gepr\u00fcft und unser Mitarbeiter zur Betreuung instruiert wurde.<\/p>\n<h2>DJ-Service<\/h2>\n<p>Informationen zu unserem DJ finden Sie unter <a href=\"https:\/\/www.goeldi.rocks\" target=\"_blank\" rel=\"noopener\">www.goeldi.rocks<\/a><\/p>\n","protected":false},"excerpt":{"rendered":"<p>Planung und Betreuung von Veranstaltungen Unser Mitarbeiter verf\u00fcgt \u00fcber eine grosse Erfahrung in der Planung, Gestaltung und Betreuung von Veranstaltungen in diversen Bereichen. Sei dies die kleine Privatfeier \u00fcber das [&hellip;]<\/p>\n","protected":false},"author":2,"featured_media":0,"parent":0,"menu_order":0,"comment_status":"closed","ping_status":"closed","template":"","meta":{"ngg_post_thumbnail":0,"footnotes":""},"class_list":["post-853","page","type-page","status-publish","hentry"],"_links":{"self":[{"href":"https:\/\/banos-bar.com\/index.php?rest_route=\/wp\/v2\/pages\/853","targetHints":{"allow":["GET"]}}],"collection":[{"href":"https:\/\/banos-bar.com\/index.php?rest_route=\/wp\/v2\/pages"}],"about":[{"href":"https:\/\/banos-bar.com\/index.php?rest_route=\/wp\/v2\/types\/page"}],"author":[{"embeddable":true,"href":"https:\/\/banos-bar.com\/index.php?rest_route=\/wp\/v2\/users\/2"}],"replies":[{"embeddable":true,"href":"https:\/\/banos-bar.com\/index.php?rest_route=%2Fwp%2Fv2%2Fcomments&post=853"}],"version-history":[{"count":2,"href":"https:\/\/banos-bar.com\/index.php?rest_route=\/wp\/v2\/pages\/853\/revisions"}],"predecessor-version":[{"id":857,"href":"https:\/\/banos-bar.com\/index.php?rest_route=\/wp\/v2\/pages\/853\/revisions\/857"}],"wp:attachment":[{"href":"https:\/\/banos-bar.com\/index.php?rest_route=%2Fwp%2Fv2%2Fmedia&parent=853"}],"curies":[{"name":"wp","href":"https:\/\/api.w.org\/{rel}","templated":true}]}}